{"id":130,"date":"2014-01-25T22:29:19","date_gmt":"2014-01-25T22:29:19","guid":{"rendered":"http:\/\/blog.tellmebye.com\/?page_id=130"},"modified":"2024-10-14T14:40:30","modified_gmt":"2024-10-14T12:40:30","slug":"que-es-tellmebye","status":"publish","type":"page","link":"https:\/\/tellmebye.com\/blog\/que-es-tellmebye\/","title":{"rendered":"\u00bfQu\u00e9 es Tellmebye?"},"content":{"rendered":"<h3 style=\"text-align: left;\">\u00bfQu\u00e9 es Tellmebye?<\/h3>\n<p style=\"text-align: left;\"><iframe loading=\"lazy\" src=\"\/\/player.vimeo.com\/video\/72236310\" height=\"550\" width=\"862\" allowfullscreen=\"\" frameborder=\"0\"><\/iframe><\/p>\n<p style=\"text-align: left;\"><a href=\"http:\/\/vimeo.com\/72236310\">Tellmebye.<\/a> from <a href=\"http:\/\/vimeo.com\/user20145711\">Tellmebye<\/a> on <a href=\"https:\/\/vimeo.com\">Vimeo<\/a>.<\/p>\n<p style=\"text-align: left;\">Tellmebye es una herramienta web GRATUITA! pensada para aquellas personas que quieran dejar planificada la herencia de todo su legado digital y facilitar as\u00ed, la entrega de documentos, mensajes, recuerdos o contenidos a otras personas.<\/p>\n<p style=\"text-align: left;\">Tambi\u00e9n podr\u00e1s establecer tus \u00faltimas voluntades y facilitar informaci\u00f3n que ayude a tus familiares con ciertos tr\u00e1mites tras tu fallecimiento, entregando si lo deseas, informaci\u00f3n sobre tus seguros y coberturas, copia del testamento en PDF, qu\u00e9 hacer con tu cuerpo, personas a las que avisar, voluntades anticipadas y mucho m\u00e1s.<\/p>\n<h3 style=\"text-align: left;\"><\/h3>\n<h3 style=\"text-align: left;\">\u00bfEs segura la web?<\/h3>\n<p style=\"text-align: left;\">Nuestro principal y mayor esfuerzo es mantener la web con los niveles m\u00e1s altos de seguridad y para ello, Tellmebye\u00a0usa un potente sistema de cifrado SSL de 256Bits HTTPs de la empresa Thawte para crear un t\u00fanel de encriptaci\u00f3n entre el usuario y nuestros servidores, compatible con el 99% de todos los navegadores y una serie de herramientas internas configurables para evitar el robo de sus datos por medio de KeyLoggers, Sniffers o programas Spywares, ya que al igual que los sistemas bancarios, disponemos de un teclado num\u00e9rico virtual aleatorio para la entrada de c\u00f3digos de seguridad que evitan capturar las pulsaciones del teclado.<\/p>\n<p style=\"text-align: left;\">En otra l\u00ednea de seguridad, la web est\u00e1 alojada en una de las empresas m\u00e1s importantes de Hosting de Espa\u00f1a que cuenta con todas las herramientas de \u00faltima generaci\u00f3n.<\/p>\n<p style=\"text-align: left;\">En cuanto a los datos de los usuarios, utilizamos un sistema de encriptaci\u00f3n m\u00faltiple que es diferente para cada persona, ya que consta de varias claves de encriptaci\u00f3n in situ.<\/p>\n<p style=\"text-align: left;\">Para mejorar a\u00fan m\u00e1s la seguridad pero desde su ordenador, tambi\u00e9n le recomendamos el uso del mejor navegador y as\u00ed evitar posibles agujeros de seguridad. Tellmebye recomienda el uso de FireFox Mozilla que podr\u00e1 descargar desde este link:<\/p>\n<p style=\"text-align: left;\"><a href=\"http:\/\/www.mozilla.org\/es-ES\">http:\/\/www.mozilla.org\/es-ES<\/a><\/p>\n<h3 style=\"text-align: left;\">\u00bfC\u00f3mo sabe Tellmebye que he fallecido?<\/h3>\n<p style=\"text-align: left;\">Tellmebye sabr\u00e1 que has fallecido \u00fanicamente porque una de las tres personas de confianza, lo notifiquen. Por eso es muy importante que solo pongas en esa secci\u00f3n a personas importantes y cercanas a ti. El proceso de notificaci\u00f3n de deceso de un usuario, consta de varios pasos para evitar el error humano.<\/p>\n<p style=\"text-align: left;\">Tellmebye enviar\u00e1 un correo de aviso al fallecido para informarle de que alguien notific\u00f3 su defunci\u00f3n y poder as\u00ed anular el proceso de liberaci\u00f3n de todos sus contenidos.<\/p>\n<p style=\"text-align: left;\">Recuerda que una falsa notificaci\u00f3n de la muerte de otra persona, puede incurrir en delito.<\/p>\n<h3 style=\"text-align: left;\">\u00bfQu\u00e9 har\u00e1 Tellmebye cuando se notifique la muerte de una persona?<\/h3>\n<p style=\"text-align: left;\">Notificar\u00e1 el fallecimiento a sus contactos por correo electr\u00f3nico y notificaci\u00f3n en color negro dentro del Panel.<\/p>\n<p style=\"text-align: left;\">Liberar\u00e1 toda la informaci\u00f3n tal y como el usuario lo dej\u00f3 programado pasadas 48 horas como margen de un posible error.<\/p>\n<p style=\"text-align: left;\">Entregar\u00e1 un List\u00edn telef\u00f3nico a las personas de confianza del fallecido con las personas a las que avisar.<\/p>\n<p style=\"text-align: left;\">Entregar\u00e1 las \u00faltimas voluntades del fallecido a las personas de confianza de forma autom\u00e1tica. Esta parte, es la \u00fanica que se realiza sin esperas. En caso de establecer alguna Voluntad de forma p\u00fablica, esta ser\u00e1 visible por todos de forma inmediata.<\/p>\n<p style=\"text-align: left;\">Mover\u00e1 al fallecido de tus contactos y lo pondr\u00e1 en tu zona de Herencias.<\/p>\n<p style=\"text-align: left;\">Si eres una de sus personas de confianza, te permitir\u00e1 enviar mensajes a todos los contactos del fallecido.<\/p>\n<h3 style=\"text-align: left;\"><\/h3>\n<h3 style=\"text-align: left;\">\u00bfCu\u00e1nto tiempo se guarda la informaci\u00f3n?<\/h3>\n<p style=\"text-align: left;\">Tellmebye guarda la informaci\u00f3n de cada usuario hasta que este fallezca y una vez entregado todo su legado, la cuenta permanecer\u00e1 activa durante 1 a\u00f1o; tiempo en el que cada heredero, habr\u00e1 tenido tiempo suficiente para realizar copia de seguridad de sus herencias.<\/p>\n","protected":false},"excerpt":{"rendered":"<p>\u00bfQu\u00e9 es Tellmebye? Tellmebye. from Tellmebye on Vimeo. Tellmebye es una herramienta web GRATUITA! pensada para aquellas personas que quieran dejar planificada la herencia de todo su legado digita","protected":false},"author":19,"featured_media":0,"parent":0,"menu_order":0,"comment_status":"closed","ping_status":"closed","template":"page-single-column.php","meta":{"footnotes":""},"class_list":["post-130","page","type-page","status-publish","hentry"],"_links":{"self":[{"href":"https:\/\/tellmebye.com\/blog\/wp-json\/wp\/v2\/pages\/130","targetHints":{"allow":["GET"]}}],"collection":[{"href":"https:\/\/tellmebye.com\/blog\/wp-json\/wp\/v2\/pages"}],"about":[{"href":"https:\/\/tellmebye.com\/blog\/wp-json\/wp\/v2\/types\/page"}],"author":[{"embeddable":true,"href":"https:\/\/tellmebye.com\/blog\/wp-json\/wp\/v2\/users\/19"}],"replies":[{"embeddable":true,"href":"https:\/\/tellmebye.com\/blog\/wp-json\/wp\/v2\/comments?post=130"}],"version-history":[{"count":15,"href":"https:\/\/tellmebye.com\/blog\/wp-json\/wp\/v2\/pages\/130\/revisions"}],"predecessor-version":[{"id":213,"href":"https:\/\/tellmebye.com\/blog\/wp-json\/wp\/v2\/pages\/130\/revisions\/213"}],"wp:attachment":[{"href":"https:\/\/tellmebye.com\/blog\/wp-json\/wp\/v2\/media?parent=130"}],"curies":[{"name":"wp","href":"https:\/\/api.w.org\/{rel}","templated":true}]}}